{"id":12,"date":"2021-02-04T13:14:53","date_gmt":"2021-02-04T13:14:53","guid":{"rendered":"http:\/\/ghenders.eu\/?page_id=12"},"modified":"2024-03-20T11:03:39","modified_gmt":"2024-03-20T11:03:39","slug":"lineas-de-investigacion","status":"publish","type":"page","link":"https:\/\/ghenders.eu\/","title":{"rendered":"L\u00cdNEAS DE INVESTIGACI\u00d3N"},"content":{"rendered":"\n<figure class=\"wp-block-video\"><video height=\"700\" style=\"aspect-ratio: 1206 \/ 700;\" width=\"1206\" autoplay loop muted poster=\"http:\/\/ghenders.eu\/wp-content\/uploads\/2022\/08\/Atencio\u0301n-a-la-salud-sexual-y-reproductiva.png\" src=\"http:\/\/ghenders.eu\/wp-content\/uploads\/2021\/10\/Atencio\u0301n-a-la-salud-sexual-y-reproductiva-2.mp4\"><\/video><\/figure>\n\n\n\n<div style=\"height:111px\" aria-hidden=\"true\" class=\"wp-block-spacer\"><\/div>\n\n\n\n<div class=\"wp-block-columns is-layout-flex wp-container-core-columns-is-layout-28f84493 wp-block-columns-is-layout-flex\">\n<div class=\"wp-block-column is-layout-flow wp-block-column-is-layout-flow\">\n<figure class=\"wp-block-video\"><video height=\"700\" style=\"aspect-ratio: 1206 \/ 700;\" width=\"1206\" autoplay loop muted poster=\"http:\/\/ghenders.eu\/wp-content\/uploads\/2022\/08\/Atencio\u0301n-a-la-salud-sexual-y-reproductiva-1.png\" src=\"http:\/\/ghenders.eu\/wp-content\/uploads\/2022\/08\/Atencio\u0301n-a-la-salud-sexual-y-reproductiva.mp4\"><\/video><figcaption class=\"wp-element-caption\"><mark style=\"background-color:rgba(0, 0, 0, 0);color:#348474\" class=\"has-inline-color\"><strong><span style=\"text-decoration: underline;\">ATENCI\u00d3N A LA SALUD SEXUAL<\/span><\/strong><\/mark><\/figcaption><\/figure>\n\n\n\n<p class=\"has-text-align-center has-black-color has-text-color has-background\" style=\"background-color:#c4dcd4\"><strong>Exploraci\u00f3n, an\u00e1lisis y evaluaci\u00f3n de los resultados en salud desde la perspectiva de la organizaci\u00f3n de los servicios de salud, las culturas organizacionales de los servicios y de las pol\u00edticas de salud.<\/strong><\/p>\n<\/div>\n\n\n\n<div class=\"wp-block-column is-layout-flow wp-block-column-is-layout-flow\">\n<figure class=\"wp-block-video\"><video height=\"700\" style=\"aspect-ratio: 1206 \/ 700;\" width=\"1206\" autoplay loop muted poster=\"http:\/\/ghenders.eu\/wp-content\/uploads\/2022\/08\/6.png\" src=\"http:\/\/ghenders.eu\/wp-content\/uploads\/2022\/08\/Atencio\u0301n-a-la-salud-sexual-y-reproductiva-1.mp4\"><\/video><figcaption class=\"wp-element-caption\"><strong><span style=\"text-decoration: underline;\"><span style=\"color:#348474\" class=\"has-inline-color\">G\u00c9NERO Y SALUD<\/span><\/span><\/strong><\/figcaption><\/figure>\n\n\n\n<p class=\"has-text-align-center has-black-color has-text-color has-background\" style=\"background-color:#c4dcd4\"><strong><strong>Exploraci\u00f3n del impacto de las pol\u00edticas de g\u00e9nero, la organizaci\u00f3n de los servicios y de las intervenciones sobre los resultados en salud.<\/strong><\/strong><\/p>\n<\/div>\n\n\n\n<div class=\"wp-block-column is-layout-flow wp-block-column-is-layout-flow\">\n<figure class=\"wp-block-video\"><video height=\"700\" style=\"aspect-ratio: 1206 \/ 700;\" width=\"1206\" autoplay loop muted poster=\"http:\/\/ghenders.eu\/wp-content\/uploads\/2022\/08\/7.png\" src=\"http:\/\/ghenders.eu\/wp-content\/uploads\/2022\/08\/Atencio\u0301n-a-la-salud-sexual-y-reproductiva-2.mp4\"><\/video><figcaption class=\"wp-element-caption\"><strong><span style=\"text-decoration: underline;\"><span style=\"color:#348474\" class=\"has-inline-color\">ASPECTOS SOCIALES<\/span><\/span><\/strong><\/figcaption><\/figure>\n\n\n\n<p class=\"has-text-align-center has-black-color has-text-color has-background\" style=\"background-color:#c4dcd4\"><strong><strong><strong>Exploraci\u00f3n de los determinantes sociales, el contexto cultural con perspectiva de g\u00e9nero y sus impactos potenciales sobre la salud de las personas.<\/strong><\/strong><\/strong><\/p>\n<\/div>\n<\/div>\n\n\n\n<hr class=\"wp-block-coblocks-dynamic-separator\" style=\"height:148px\"\/>\n\n\n\n<p style=\"font-size:35px\"><strong><span style=\"color:#348474\" class=\"has-inline-color\">ACTUALIDAD<\/span><\/strong><\/p>\n\n\n\n<div class=\"wp-block-columns is-layout-flex wp-container-core-columns-is-layout-28f84493 wp-block-columns-is-layout-flex\">\n<div class=\"wp-block-column is-layout-flow wp-block-column-is-layout-flow\" style=\"flex-basis:33.33%\">\n<figure class=\"wp-block-embed is-type-rich is-provider-twitter wp-block-embed-twitter\"><div class=\"wp-block-embed__wrapper\">\n<a class=\"twitter-timeline\" data-width=\"500\" data-height=\"750\" data-dnt=\"true\" href=\"https:\/\/twitter.com\/GHenderS20?ref_src=twsrc%5Etfw\">Tweets by GHenderS20<\/a><script async src=\"https:\/\/platform.twitter.com\/widgets.js\" charset=\"utf-8\"><\/script>\n<\/div><\/figure>\n<\/div>\n\n\n\n<div class=\"wp-block-column is-layout-flow wp-block-column-is-layout-flow\" style=\"flex-basis:66.66%\"><\/div>\n<\/div>\n\n\n\n<div style=\"height:351px\" aria-hidden=\"true\" class=\"wp-block-spacer\"><\/div>\n\n\n\n<div class=\"wp-block-columns coblocks-author-columns has-background is-layout-flex wp-container-core-columns-is-layout-a7ac2865 wp-block-columns-is-layout-flex\" style=\"background-color:#8C8C971A;padding-top:2.5rem;padding-right:2.5rem;padding-bottom:2.5rem;padding-left:2.5rem\">\n<div class=\"wp-block-column is-layout-flow wp-block-column-is-layout-flow\" style=\"flex-basis:25%\">\n<figure class=\"wp-block-image is-style-rounded\"><img loading=\"lazy\" decoding=\"async\" width=\"150\" height=\"150\" src=\"http:\/\/ghenders.eu\/wp-content\/uploads\/2021\/02\/ramon-150x150.jpg\" alt=\"\" class=\"wp-image-18\" srcset=\"https:\/\/ghenders.eu\/wp-content\/uploads\/2021\/02\/ramon-150x150.jpg 150w, https:\/\/ghenders.eu\/wp-content\/uploads\/2021\/02\/ramon-300x300.jpg 300w, https:\/\/ghenders.eu\/wp-content\/uploads\/2021\/02\/ramon.jpg 400w\" sizes=\"auto, (max-width: 150px) 100vw, 150px\" \/><\/figure>\n<\/div>\n\n\n\n<div class=\"wp-block-column is-layout-flow wp-block-column-is-layout-flow\" style=\"flex-basis:75%\">\n<p class=\"has-normal-font-size\"><strong><strong><span style=\"color:#348474\" class=\"has-inline-color\">Ram\u00f3n Escuriet-Peir\u00f3<\/span><\/strong>, PhD.<\/strong><\/p>\n\n\n\n<p class=\"has-normal-font-size\">Doctor en Biomedicina. Responsable de salud sexual y reproductiva en el Servei Catal\u00e0 de la Salut.\u00a0Ha participado en diferentes proyectos europeos financiados.\u00a0ORCID: 0000-0002-7277-3331.<\/p>\n\n\n\n<div class=\"wp-block-buttons is-layout-flex wp-block-buttons-is-layout-flex\">\n<div class=\"wp-block-button is-style-3d\"><a class=\"wp-block-button__link has-white-color has-text-color has-background wp-element-button\" href=\"https:\/\/orcid.org\/0000-0002-7277-3331\" style=\"border-radius:6px;background-color:#348474\" target=\"_blank\" rel=\"noreferrer noopener\">INVESTIGADOR PRINCIPAL<\/a><\/div>\n<\/div>\n<\/div>\n<\/div>\n","protected":false},"excerpt":{"rendered":"<p>Exploraci\u00f3n, an\u00e1lisis y evaluaci\u00f3n de los resultados en salud desde la perspectiva de la organizaci\u00f3n de los servicios de salud, las culturas organizacionales de los servicios y de las pol\u00edticas de salud. Exploraci\u00f3n del impacto de las pol\u00edticas de g\u00e9nero, la organizaci\u00f3n de los servicios y de las intervenciones sobre los resultados en salud. Exploraci\u00f3n &hellip;<\/p>\n<p class=\"read-more\"> <a class=\"\" href=\"https:\/\/ghenders.eu\/\"> <span class=\"screen-reader-text\">L\u00cdNEAS DE INVESTIGACI\u00d3N<\/span> Read More &raquo;<\/a><\/p>\n","protected":false},"author":1,"featured_media":0,"parent":0,"menu_order":0,"comment_status":"closed","ping_status":"closed","template":"","meta":{"_coblocks_attr":"","_coblocks_dimensions":"","_coblocks_responsive_height":"","_coblocks_accordion_ie_support":"","site-sidebar-layout":"default","site-content-layout":"default","ast-global-header-display":"","ast-banner-title-visibility":"","ast-main-header-display":"","ast-hfb-above-header-display":"","ast-hfb-below-header-display":"","ast-hfb-mobile-header-display":"","site-post-title":"disabled","ast-breadcrumbs-content":"","ast-featured-img":"","footer-sml-layout":"","theme-transparent-header-meta":"default","adv-header-id-meta":"","stick-header-meta":"","header-above-stick-meta":"","header-main-stick-meta":"","header-below-stick-meta":"","footnotes":""},"class_list":["post-12","page","type-page","status-publish","hentry"],"_links":{"self":[{"href":"https:\/\/ghenders.eu\/index.php\/wp-json\/wp\/v2\/pages\/12","targetHints":{"allow":["GET"]}}],"collection":[{"href":"https:\/\/ghenders.eu\/index.php\/wp-json\/wp\/v2\/pages"}],"about":[{"href":"https:\/\/ghenders.eu\/index.php\/wp-json\/wp\/v2\/types\/page"}],"author":[{"embeddable":true,"href":"https:\/\/ghenders.eu\/index.php\/wp-json\/wp\/v2\/users\/1"}],"replies":[{"embeddable":true,"href":"https:\/\/ghenders.eu\/index.php\/wp-json\/wp\/v2\/comments?post=12"}],"version-history":[{"count":11,"href":"https:\/\/ghenders.eu\/index.php\/wp-json\/wp\/v2\/pages\/12\/revisions"}],"predecessor-version":[{"id":567,"href":"https:\/\/ghenders.eu\/index.php\/wp-json\/wp\/v2\/pages\/12\/revisions\/567"}],"wp:attachment":[{"href":"https:\/\/ghenders.eu\/index.php\/wp-json\/wp\/v2\/media?parent=12"}],"curies":[{"name":"wp","href":"https:\/\/api.w.org\/{rel}","templated":true}]}}